{"id":2596,"date":"2025-08-19T09:47:06","date_gmt":"2025-08-19T09:47:06","guid":{"rendered":"https:\/\/www.ucelotogaz.com.tr\/?post_type=product&#038;p=2596"},"modified":"2025-08-19T09:47:10","modified_gmt":"2025-08-19T09:47:10","slug":"3lu-bisiklet-tasiyici-towcar-tr3","status":"publish","type":"product","link":"https:\/\/www.ucelotogaz.com.tr\/urun\/3lu-bisiklet-tasiyici-towcar-tr3\/","title":{"rendered":"3&#8217;L\u00fc Bisiklet Ta\u015f\u0131y\u0131c\u0131 Towcar TR3"},"content":{"rendered":"<p><strong>Par\u00e7a Numaras\u0131\u00a0 : TCTR003<\/strong><\/p>\n<p><strong>3 bisiklet i\u00e7in ge\u00e7erlidir (2 e-bisiklet).<\/strong><\/p>\n<p>Geni\u015fletilmi\u015f boyutlar\u00a0 \u00a0 \u00a0 \u00a0 \u00a0 \u00a0 \u00a0 \u00a0 \u00a0 \u00a0 \u00a0: 110x80x75 cm.<\/p>\n<p>Katl\u0131 \u00f6l\u00e7\u00fcler\u00a0 \u00a0 \u00a0 \u00a0 \u00a0 \u00a0 \u00a0 \u00a0 \u00a0 \u00a0 \u00a0 \u00a0 \u00a0 \u00a0 \u00a0 \u00a0 \u00a0 \u00a0 \u00a0 : 95x85x30 cm.<\/p>\n<p>A\u011f\u0131rl\u0131k\u00a0 \u00a0 \u00a0 \u00a0 \u00a0 \u00a0 \u00a0 \u00a0 \u00a0 \u00a0 \u00a0 \u00a0 \u00a0 \u00a0 \u00a0 \u00a0 \u00a0 \u00a0 \u00a0 \u00a0 \u00a0 \u00a0 \u00a0 \u00a0: 18,8 kg.<\/p>\n<p>Bisiklet ba\u015f\u0131na maksimum a\u011f\u0131rl\u0131k : 15 kg.<\/p>\n<p>Ta\u015f\u0131ma kapasitesi\u00a0 \u00a0 \u00a0 \u00a0 \u00a0 \u00a0 \u00a0 \u00a0 \u00a0 \u00a0 \u00a0 \u00a0 \u00a0 \u00a0: 45 kg.<\/p>\n<p>K\u0131lavuzlar aras\u0131 mesafe\u00a0 \u00a0 \u00a0 \u00a0 \u00a0 \u00a0 \u00a0 \u00a0 \u00a0 : 18 cm.<\/p>\n<p>Bisikletlerin ve bisiklet raflar\u0131n\u0131n h\u0131rs\u0131zl\u0131\u011fa kar\u015f\u0131 koruma.<\/p>\n<p>Adapter 13 ila 7 kutup dahildir.<\/p>\n<p>Bisikletin tekerlekleri di\u015fli kay\u0131\u015flarla sabitlenmi\u015ftir (\u00f6nceki TowCar T3 modeline g\u00f6re geli\u015fme).<\/p>\n<p>&nbsp;<\/p>\n<p><iframe src=\"https:\/\/www.youtube.com\/embed\/PBYTDiYiTxk\" width=\"560\" height=\"315\" frameborder=\"0\" allowfullscreen=\"allowfullscreen\"><\/iframe><\/p>\n","protected":false},"excerpt":{"rendered":"<p>Bisiklet Ta\u015f\u0131y\u0131c\u0131lar<\/p>\n","protected":false},"featured_media":1948,"template":"","meta":{"om_disable_all_campaigns":false,"_monsterinsights_skip_tracking":false,"_monsterinsights_sitenote_active":false,"_monsterinsights_sitenote_note":"","_monsterinsights_sitenote_category":0,"_uf_show_specific_survey":0,"_uf_disable_surveys":false,"_joinchat":[]},"product_brand":[],"product_cat":[52],"product_tag":[412],"class_list":{"0":"post-2596","1":"product","2":"type-product","3":"status-publish","4":"has-post-thumbnail","6":"product_cat-bisiklet-tasiyicilar","7":"product_tag-3lu-bisiklet-tasiyici-towcar-tr3","9":"first","10":"instock","11":"shipping-taxable","12":"product-type-simple"},"_links":{"self":[{"href":"https:\/\/www.ucelotogaz.com.tr\/wp-json\/wp\/v2\/product\/2596","targetHints":{"allow":["GET"]}}],"collection":[{"href":"https:\/\/www.ucelotogaz.com.tr\/wp-json\/wp\/v2\/product"}],"about":[{"href":"https:\/\/www.ucelotogaz.com.tr\/wp-json\/wp\/v2\/types\/product"}],"wp:featuredmedia":[{"embeddable":true,"href":"https:\/\/www.ucelotogaz.com.tr\/wp-json\/wp\/v2\/media\/1948"}],"wp:attachment":[{"href":"https:\/\/www.ucelotogaz.com.tr\/wp-json\/wp\/v2\/media?parent=2596"}],"wp:term":[{"taxonomy":"product_brand","embeddable":true,"href":"https:\/\/www.ucelotogaz.com.tr\/wp-json\/wp\/v2\/product_brand?post=2596"},{"taxonomy":"product_cat","embeddable":true,"href":"https:\/\/www.ucelotogaz.com.tr\/wp-json\/wp\/v2\/product_cat?post=2596"},{"taxonomy":"product_tag","embeddable":true,"href":"https:\/\/www.ucelotogaz.com.tr\/wp-json\/wp\/v2\/product_tag?post=2596"}],"curies":[{"name":"wp","href":"https:\/\/api.w.org\/{rel}","templated":true}]}}