{"id":2881,"date":"2025-08-19T09:48:00","date_gmt":"2025-08-19T09:48:00","guid":{"rendered":"https:\/\/www.ucelotogaz.com.tr\/?post_type=product&#038;p=2881"},"modified":"2025-08-19T09:48:03","modified_gmt":"2025-08-19T09:48:03","slug":"opel-vectra-c-ceki-demiri-2002-2009-sedanhatchback","status":"publish","type":"product","link":"https:\/\/www.ucelotogaz.com.tr\/urun\/opel-vectra-c-ceki-demiri-2002-2009-sedanhatchback\/","title":{"rendered":"OPEL Vectra C \u00c7eki Demiri 2002-2009 Sedan,Hatchback"},"content":{"rendered":"<p><strong>Par\u00e7a Numaras\u0131&nbsp; : 1374<\/strong><\/p>\n<p><strong>Avrupa standartlar\u0131na uygun CE belgeli OPEL Vectra C 2002-2009 Sedan,Hatchback&nbsp;&nbsp;orjinal aksesuar \u00e7eki demiri.<\/strong><\/p>\n<p><strong><\/p>\n<p>\u00c7ift civatal\u0131 &#8220;L tipi&#8221; e\u011fik topuz modelidir.<\/p>\n<p>Fiyata universal elektrik tesisat\u0131 dahildir.<\/p>\n<p>Max. \u00e7ekme kapasitesi&nbsp; &nbsp; &nbsp; &nbsp;: 1650&nbsp;kg<\/p>\n<p>Max. d\u00fc\u015fey y\u00fck kapasitesi : 75&nbsp;kg<\/p>\n<p><\/strong><strong><\/p>\n<p>Montaj ve proje bedeli dahil de\u011fildir.<\/p>\n<p><\/strong><\/p>\n","protected":false},"excerpt":{"rendered":"<p>OPEL Vectra<\/p>\n","protected":false},"featured_media":1948,"template":"","meta":{"om_disable_all_campaigns":false,"_monsterinsights_skip_tracking":false,"_monsterinsights_sitenote_active":false,"_monsterinsights_sitenote_note":"","_monsterinsights_sitenote_category":0,"_uf_show_specific_survey":0,"_uf_disable_surveys":false,"_joinchat":[]},"product_brand":[],"product_cat":[534],"product_tag":[379,567],"class_list":{"0":"post-2881","1":"product","2":"type-product","3":"status-publish","4":"has-post-thumbnail","6":"product_cat-opel","7":"product_tag-hatchback","8":"product_tag-opel-vectra-c-ceki-demiri-2002-2009-sedan","10":"first","11":"instock","12":"shipping-taxable","13":"product-type-simple"},"_links":{"self":[{"href":"https:\/\/www.ucelotogaz.com.tr\/wp-json\/wp\/v2\/product\/2881","targetHints":{"allow":["GET"]}}],"collection":[{"href":"https:\/\/www.ucelotogaz.com.tr\/wp-json\/wp\/v2\/product"}],"about":[{"href":"https:\/\/www.ucelotogaz.com.tr\/wp-json\/wp\/v2\/types\/product"}],"wp:featuredmedia":[{"embeddable":true,"href":"https:\/\/www.ucelotogaz.com.tr\/wp-json\/wp\/v2\/media\/1948"}],"wp:attachment":[{"href":"https:\/\/www.ucelotogaz.com.tr\/wp-json\/wp\/v2\/media?parent=2881"}],"wp:term":[{"taxonomy":"product_brand","embeddable":true,"href":"https:\/\/www.ucelotogaz.com.tr\/wp-json\/wp\/v2\/product_brand?post=2881"},{"taxonomy":"product_cat","embeddable":true,"href":"https:\/\/www.ucelotogaz.com.tr\/wp-json\/wp\/v2\/product_cat?post=2881"},{"taxonomy":"product_tag","embeddable":true,"href":"https:\/\/www.ucelotogaz.com.tr\/wp-json\/wp\/v2\/product_tag?post=2881"}],"curies":[{"name":"wp","href":"https:\/\/api.w.org\/{rel}","templated":true}]}}