{"id":3187,"date":"2025-08-19T09:48:59","date_gmt":"2025-08-19T09:48:59","guid":{"rendered":"https:\/\/www.ucelotogaz.com.tr\/?post_type=product&#038;p=3187"},"modified":"2025-08-19T09:49:07","modified_gmt":"2025-08-19T09:49:07","slug":"suzuki-vitara-ceki-demiri-2015","status":"publish","type":"product","link":"https:\/\/www.ucelotogaz.com.tr\/urun\/suzuki-vitara-ceki-demiri-2015\/","title":{"rendered":"SUZUKI Vitara \u00c7eki Demiri 2015-"},"content":{"rendered":"<p><strong>Par\u00e7a Numaras\u0131\u00a0 :\u00a0E6109BA<\/strong><\/p>\n<p><strong>Avrupa standartlar\u0131na uygun CE belgeli SUZUKI Vitara 2015- orjinal aksesuar \u00e7eki demiri.<\/strong><\/p>\n<p>&nbsp;<\/p>\n<p>\u00c7ift civatal\u0131 &#8220;L tipi&#8221; e\u011fik topuz modelidir.<\/p>\n<p>Fiyata universal elektrik tesisat\u0131 dahildir.<\/p>\n<p>Max. \u00e7ekme kapasitesi\u00a0 \u00a0 \u00a0 \u00a0: 1600 kg<\/p>\n<p>Max. d\u00fc\u015fey y\u00fck kapasitesi : 75\u00a0kg<\/p>\n<p>&nbsp;<\/p>\n<p>Montaj ve proje bedeli dahil de\u011fildir.<\/p>\n<p>&nbsp;<\/p>\n","protected":false},"excerpt":{"rendered":"<p>SUZUKI Vitara<\/p>\n","protected":false},"featured_media":1948,"template":"","meta":{"om_disable_all_campaigns":false,"_monsterinsights_skip_tracking":false,"_monsterinsights_sitenote_active":false,"_monsterinsights_sitenote_note":"","_monsterinsights_sitenote_category":0,"_uf_show_specific_survey":0,"_uf_disable_surveys":false,"_joinchat":[]},"product_brand":[],"product_cat":[731],"product_tag":[745],"class_list":{"0":"post-3187","1":"product","2":"type-product","3":"status-publish","4":"has-post-thumbnail","6":"product_cat-suzuki","7":"product_tag-suzuki-vitara-ceki-demiri-2015","9":"first","10":"instock","11":"shipping-taxable","12":"product-type-simple"},"_links":{"self":[{"href":"https:\/\/www.ucelotogaz.com.tr\/wp-json\/wp\/v2\/product\/3187","targetHints":{"allow":["GET"]}}],"collection":[{"href":"https:\/\/www.ucelotogaz.com.tr\/wp-json\/wp\/v2\/product"}],"about":[{"href":"https:\/\/www.ucelotogaz.com.tr\/wp-json\/wp\/v2\/types\/product"}],"wp:featuredmedia":[{"embeddable":true,"href":"https:\/\/www.ucelotogaz.com.tr\/wp-json\/wp\/v2\/media\/1948"}],"wp:attachment":[{"href":"https:\/\/www.ucelotogaz.com.tr\/wp-json\/wp\/v2\/media?parent=3187"}],"wp:term":[{"taxonomy":"product_brand","embeddable":true,"href":"https:\/\/www.ucelotogaz.com.tr\/wp-json\/wp\/v2\/product_brand?post=3187"},{"taxonomy":"product_cat","embeddable":true,"href":"https:\/\/www.ucelotogaz.com.tr\/wp-json\/wp\/v2\/product_cat?post=3187"},{"taxonomy":"product_tag","embeddable":true,"href":"https:\/\/www.ucelotogaz.com.tr\/wp-json\/wp\/v2\/product_tag?post=3187"}],"curies":[{"name":"wp","href":"https:\/\/api.w.org\/{rel}","templated":true}]}}