{"id":3315,"date":"2025-08-19T09:49:32","date_gmt":"2025-08-19T09:49:32","guid":{"rendered":"https:\/\/www.ucelotogaz.com.tr\/?post_type=product&#038;p=3315"},"modified":"2025-08-19T09:49:35","modified_gmt":"2025-08-19T09:49:35","slug":"volvo-s60-ceki-demiri-2020","status":"publish","type":"product","link":"https:\/\/www.ucelotogaz.com.tr\/urun\/volvo-s60-ceki-demiri-2020\/","title":{"rendered":"VOLVO S60 \u00c7eki Demiri 2020-"},"content":{"rendered":"<p><strong>Par\u00e7a Numaras\u0131&nbsp; : 047-671<\/strong><\/p>\n<p><strong>Avrupa standartlar\u0131na uygun CE belgeli VOLVO S60&nbsp;2020- orjinal aksesuar \u00e7eki demiri.<\/strong><\/p>\n<p><strong><\/p>\n<p>\u00c7ift civatal\u0131 &#8220;L tipi&#8221; e\u011fik topuz modelidir.<\/p>\n<p>Fiyata universal elektrik tesisat\u0131 dahildir.<\/p>\n<p>Max. \u00e7ekme kapasitesi&nbsp; &nbsp; &nbsp; &nbsp;: 2023&nbsp;kg<\/p>\n<p>Max. d\u00fc\u015fey y\u00fck kapasitesi : 100&nbsp;kg<\/p>\n<p><\/strong><\/p>\n<p>Montaj ve proje bedeli dahil de\u011fildir.<\/p>\n","protected":false},"excerpt":{"rendered":"<p>VOLVO S60<\/p>\n","protected":false},"featured_media":1948,"template":"","meta":{"om_disable_all_campaigns":false,"_monsterinsights_skip_tracking":false,"_monsterinsights_sitenote_active":false,"_monsterinsights_sitenote_note":"","_monsterinsights_sitenote_category":0,"_uf_show_specific_survey":0,"_uf_disable_surveys":false,"_joinchat":[]},"product_brand":[],"product_cat":[823],"product_tag":[830],"class_list":{"0":"post-3315","1":"product","2":"type-product","3":"status-publish","4":"has-post-thumbnail","6":"product_cat-volvo","7":"product_tag-volvo-s60-ceki-demiri-2020","9":"first","10":"instock","11":"shipping-taxable","12":"product-type-simple"},"_links":{"self":[{"href":"https:\/\/www.ucelotogaz.com.tr\/wp-json\/wp\/v2\/product\/3315","targetHints":{"allow":["GET"]}}],"collection":[{"href":"https:\/\/www.ucelotogaz.com.tr\/wp-json\/wp\/v2\/product"}],"about":[{"href":"https:\/\/www.ucelotogaz.com.tr\/wp-json\/wp\/v2\/types\/product"}],"wp:featuredmedia":[{"embeddable":true,"href":"https:\/\/www.ucelotogaz.com.tr\/wp-json\/wp\/v2\/media\/1948"}],"wp:attachment":[{"href":"https:\/\/www.ucelotogaz.com.tr\/wp-json\/wp\/v2\/media?parent=3315"}],"wp:term":[{"taxonomy":"product_brand","embeddable":true,"href":"https:\/\/www.ucelotogaz.com.tr\/wp-json\/wp\/v2\/product_brand?post=3315"},{"taxonomy":"product_cat","embeddable":true,"href":"https:\/\/www.ucelotogaz.com.tr\/wp-json\/wp\/v2\/product_cat?post=3315"},{"taxonomy":"product_tag","embeddable":true,"href":"https:\/\/www.ucelotogaz.com.tr\/wp-json\/wp\/v2\/product_tag?post=3315"}],"curies":[{"name":"wp","href":"https:\/\/api.w.org\/{rel}","templated":true}]}}