{"id":3360,"date":"2025-08-19T09:49:42","date_gmt":"2025-08-19T09:49:42","guid":{"rendered":"https:\/\/www.ucelotogaz.com.tr\/?post_type=product&#038;p=3360"},"modified":"2025-08-19T09:49:51","modified_gmt":"2025-08-19T09:49:51","slug":"cift-civatali-egik-topuz-uzun-ceki-demiri","status":"publish","type":"product","link":"https:\/\/www.ucelotogaz.com.tr\/urun\/cift-civatali-egik-topuz-uzun-ceki-demiri\/","title":{"rendered":"\u00c7ift Civatal\u0131 E\u011fik Topuz Uzun \u00c7eki Demiri"},"content":{"rendered":"<p><font color=\"black\" size=\"3\"><\/p>\n<p><strong>Par\u00e7a Numaras\u0131&nbsp;:&nbsp;L000<\/strong><\/p>\n<p><strong>\u00c7ift civatal\u0131 e\u011fik topuz uzun \u00e7eki demiri.&nbsp;<\/strong><\/p>\n<p><strong><\/p>\n<p>Avrupa standartlar\u0131na uyguyn sertifikal\u0131d\u0131r.<\/p>\n<p>Mem\u015fei&nbsp; &nbsp; &nbsp; &nbsp; &nbsp; &nbsp; &nbsp; &nbsp; &nbsp; &nbsp; &nbsp; &nbsp; &nbsp; &nbsp; &nbsp; &nbsp; &nbsp; &nbsp; &nbsp; &nbsp; &nbsp; &nbsp; &nbsp; &nbsp; &nbsp; &nbsp; &nbsp; : Bel\u00e7ika<\/p>\n<p>Civata merkez mesafesi&nbsp; &nbsp; &nbsp; &nbsp; &nbsp; &nbsp; &nbsp; &nbsp; &nbsp; &nbsp; &nbsp; &nbsp; &nbsp; : 50 mm<\/p>\n<p>Maksimum \u00e7ekme kapasitesi&nbsp; &nbsp; &nbsp; &nbsp; &nbsp; &nbsp; &nbsp; &nbsp; &nbsp; : 3500 kg<\/p>\n<p><\/strong><\/p>\n<p><span style=\"font-weight: bold;\">Maksimum d\u00fc\u015fey y\u00fck kapasitesi&nbsp; &nbsp; &nbsp; &nbsp; &nbsp; &nbsp;: 120 kg<\/span><\/p>\n<p><strong>(Sadece Topuz ile proje \u00e7izdirilip ruhsata i\u015fletilmez) Proje \u00e7izimi i\u00e7in arac\u0131n\u0131za \u00f6zel olarak tasarlanm\u0131\u015f komple alt yap\u0131s\u0131 ile birlikte Avrupa standartlar\u0131na uygun CE belgeli \u00e7eki demiri seti sat\u0131n al\u0131nmal\u0131d\u0131r.)<\/strong><\/p>\n<p><\/font><\/p>\n","protected":false},"excerpt":{"rendered":"<p>\u00c7ift Civatal\u0131 E\u011fik Topuz Uzun \u00c7eki Demiri<\/p>\n","protected":false},"featured_media":3403,"template":"","meta":{"om_disable_all_campaigns":false,"_monsterinsights_skip_tracking":false,"_monsterinsights_sitenote_active":false,"_monsterinsights_sitenote_note":"","_monsterinsights_sitenote_category":0,"_uf_show_specific_survey":0,"_uf_disable_surveys":false,"_joinchat":[]},"product_brand":[],"product_cat":[113],"product_tag":[874],"class_list":{"0":"post-3360","1":"product","2":"type-product","3":"status-publish","4":"has-post-thumbnail","6":"product_cat-ceki-demiri-topuzlari","7":"product_tag-cift-civatali-egik-topuz-uzun-ceki-demiri","9":"first","10":"instock","11":"shipping-taxable","12":"product-type-simple"},"_links":{"self":[{"href":"https:\/\/www.ucelotogaz.com.tr\/wp-json\/wp\/v2\/product\/3360","targetHints":{"allow":["GET"]}}],"collection":[{"href":"https:\/\/www.ucelotogaz.com.tr\/wp-json\/wp\/v2\/product"}],"about":[{"href":"https:\/\/www.ucelotogaz.com.tr\/wp-json\/wp\/v2\/types\/product"}],"wp:featuredmedia":[{"embeddable":true,"href":"https:\/\/www.ucelotogaz.com.tr\/wp-json\/wp\/v2\/media\/3403"}],"wp:attachment":[{"href":"https:\/\/www.ucelotogaz.com.tr\/wp-json\/wp\/v2\/media?parent=3360"}],"wp:term":[{"taxonomy":"product_brand","embeddable":true,"href":"https:\/\/www.ucelotogaz.com.tr\/wp-json\/wp\/v2\/product_brand?post=3360"},{"taxonomy":"product_cat","embeddable":true,"href":"https:\/\/www.ucelotogaz.com.tr\/wp-json\/wp\/v2\/product_cat?post=3360"},{"taxonomy":"product_tag","embeddable":true,"href":"https:\/\/www.ucelotogaz.com.tr\/wp-json\/wp\/v2\/product_tag?post=3360"}],"curies":[{"name":"wp","href":"https:\/\/api.w.org\/{rel}","templated":true}]}}