{"id":3424,"date":"2025-08-19T09:49:56","date_gmt":"2025-08-19T09:49:56","guid":{"rendered":"https:\/\/www.ucelotogaz.com.tr\/?post_type=product&#038;p=3424"},"modified":"2025-08-19T09:50:01","modified_gmt":"2025-08-19T09:50:01","slug":"romork-yan-etek-aydinlatma-lambasi-led-12-24-volt","status":"publish","type":"product","link":"https:\/\/www.ucelotogaz.com.tr\/urun\/romork-yan-etek-aydinlatma-lambasi-led-12-24-volt\/","title":{"rendered":"R\u00f6mork Yan Etek Ayd\u0131nlatma Lambas\u0131 Led 12\/24 Volt"},"content":{"rendered":"<p><font color=\"black\" size=\"3\"><\/p>\n<p><strong><span style=\"font-size:22px;\"><span style=\"color:#e74c3c;\">R\u00f6mork Yan Etek Ayd\u0131nlatma Lambas\u0131 Led 12\/24 Volt<\/span><\/span><\/strong><\/p>\n<p><strong>Par\u00e7a Numaras\u0131&nbsp; : DF-TRL017A<\/strong><\/p>\n<p style=\"padding:0px 0px 10px; text-align:start; text-indent:0px; -webkit-text-stroke-width:0px\"><strong>R\u00f6mork Yan Etek Ayd\u0131nlatma Lambas\u0131 Led 12\/24 Volt<\/strong><\/p>\n<p><strong><\/p>\n<p>Renk&nbsp; &nbsp; &nbsp; &nbsp; &nbsp; &nbsp; &nbsp; &nbsp; &nbsp; &nbsp; : Sar\u0131<\/p>\n<p>Ebat&nbsp; &nbsp; &nbsp; &nbsp; &nbsp; &nbsp; &nbsp; &nbsp; &nbsp; &nbsp;&nbsp;: 79,8 mm x 43,8 mm x 15 mm<\/p>\n<p>IP67<\/p>\n<p><\/strong> <strong><\/p>\n<p>Avrupa standartlar\u0131na uygun CE belgeli.<\/p>\n<p><\/strong> <\/font><\/p>\n","protected":false},"excerpt":{"rendered":"<p>R\u00f6mork Yan Etek Ayd\u0131nlatma Lambas\u0131 Led 12\/24 Volt<\/p>\n","protected":false},"featured_media":3452,"template":"","meta":{"om_disable_all_campaigns":false,"_monsterinsights_skip_tracking":false,"_monsterinsights_sitenote_active":false,"_monsterinsights_sitenote_note":"","_monsterinsights_sitenote_category":0,"_uf_show_specific_survey":0,"_uf_disable_surveys":false,"_joinchat":[]},"product_brand":[],"product_cat":[109],"product_tag":[895],"class_list":{"0":"post-3424","1":"product","2":"type-product","3":"status-publish","4":"has-post-thumbnail","6":"product_cat-elektrik-malzemeleri","7":"product_tag-romork-yan-etek-aydinlatma-lambasi-led-12-24-volt","9":"first","10":"instock","11":"shipping-taxable","12":"product-type-simple"},"_links":{"self":[{"href":"https:\/\/www.ucelotogaz.com.tr\/wp-json\/wp\/v2\/product\/3424","targetHints":{"allow":["GET"]}}],"collection":[{"href":"https:\/\/www.ucelotogaz.com.tr\/wp-json\/wp\/v2\/product"}],"about":[{"href":"https:\/\/www.ucelotogaz.com.tr\/wp-json\/wp\/v2\/types\/product"}],"wp:featuredmedia":[{"embeddable":true,"href":"https:\/\/www.ucelotogaz.com.tr\/wp-json\/wp\/v2\/media\/3452"}],"wp:attachment":[{"href":"https:\/\/www.ucelotogaz.com.tr\/wp-json\/wp\/v2\/media?parent=3424"}],"wp:term":[{"taxonomy":"product_brand","embeddable":true,"href":"https:\/\/www.ucelotogaz.com.tr\/wp-json\/wp\/v2\/product_brand?post=3424"},{"taxonomy":"product_cat","embeddable":true,"href":"https:\/\/www.ucelotogaz.com.tr\/wp-json\/wp\/v2\/product_cat?post=3424"},{"taxonomy":"product_tag","embeddable":true,"href":"https:\/\/www.ucelotogaz.com.tr\/wp-json\/wp\/v2\/product_tag?post=3424"}],"curies":[{"name":"wp","href":"https:\/\/api.w.org\/{rel}","templated":true}]}}