{"id":3436,"date":"2025-08-19T09:49:56","date_gmt":"2025-08-19T09:49:56","guid":{"rendered":"https:\/\/www.ucelotogaz.com.tr\/?post_type=product&#038;p=3436"},"modified":"2025-08-19T09:50:07","modified_gmt":"2025-08-19T09:50:07","slug":"towbox-tasima-aparati","status":"publish","type":"product","link":"https:\/\/www.ucelotogaz.com.tr\/urun\/towbox-tasima-aparati\/","title":{"rendered":"Towbox Ta\u015f\u0131ma Aparat\u0131"},"content":{"rendered":"<p><font color=\"black\" size=\"3\"><\/p>\n<p><strong>Par\u00e7a Numaras\u0131&nbsp; : TBA000083<\/strong><\/p>\n<p><strong>Ta\u015f\u0131ma aparat\u0131<\/strong><\/p>\n<p>&nbsp;<\/p>\n<p><strong><\/p>\n<p>Fiyat sadece aparat fiyat\u0131d\u0131r.<\/p>\n<p><\/strong> <\/font><\/p>\n","protected":false},"excerpt":{"rendered":"<p>Towbox Ta\u015f\u0131ma Aparat\u0131<\/p>\n","protected":false},"featured_media":3464,"template":"","meta":{"om_disable_all_campaigns":false,"_monsterinsights_skip_tracking":false,"_monsterinsights_sitenote_active":false,"_monsterinsights_sitenote_note":"","_monsterinsights_sitenote_category":0,"_uf_show_specific_survey":0,"_uf_disable_surveys":false,"_joinchat":[]},"product_brand":[],"product_cat":[113],"product_tag":[906],"class_list":{"0":"post-3436","1":"product","2":"type-product","3":"status-publish","4":"has-post-thumbnail","6":"product_cat-ceki-demiri-topuzlari","7":"product_tag-towbox-tasima-aparati","9":"first","10":"instock","11":"shipping-taxable","12":"product-type-simple"},"_links":{"self":[{"href":"https:\/\/www.ucelotogaz.com.tr\/wp-json\/wp\/v2\/product\/3436","targetHints":{"allow":["GET"]}}],"collection":[{"href":"https:\/\/www.ucelotogaz.com.tr\/wp-json\/wp\/v2\/product"}],"about":[{"href":"https:\/\/www.ucelotogaz.com.tr\/wp-json\/wp\/v2\/types\/product"}],"wp:featuredmedia":[{"embeddable":true,"href":"https:\/\/www.ucelotogaz.com.tr\/wp-json\/wp\/v2\/media\/3464"}],"wp:attachment":[{"href":"https:\/\/www.ucelotogaz.com.tr\/wp-json\/wp\/v2\/media?parent=3436"}],"wp:term":[{"taxonomy":"product_brand","embeddable":true,"href":"https:\/\/www.ucelotogaz.com.tr\/wp-json\/wp\/v2\/product_brand?post=3436"},{"taxonomy":"product_cat","embeddable":true,"href":"https:\/\/www.ucelotogaz.com.tr\/wp-json\/wp\/v2\/product_cat?post=3436"},{"taxonomy":"product_tag","embeddable":true,"href":"https:\/\/www.ucelotogaz.com.tr\/wp-json\/wp\/v2\/product_tag?post=3436"}],"curies":[{"name":"wp","href":"https:\/\/api.w.org\/{rel}","templated":true}]}}