{"id":3469,"date":"2025-08-19T09:50:08","date_gmt":"2025-08-19T09:50:08","guid":{"rendered":"https:\/\/www.ucelotogaz.com.tr\/?post_type=product&#038;p=3469"},"modified":"2025-08-19T09:50:12","modified_gmt":"2025-08-19T09:50:12","slug":"dort-civatali-flasli-topuz-50-mm-e-belgeli-2","status":"publish","type":"product","link":"https:\/\/www.ucelotogaz.com.tr\/urun\/dort-civatali-flasli-topuz-50-mm-e-belgeli-2\/","title":{"rendered":"D\u00f6rt Civatal\u0131 Fla\u015fl\u0131 Topuz 50 mm E Belgeli"},"content":{"rendered":"<p><strong style=\"color: black; font-size: medium;\">Par\u00e7a Numaras\u0131&nbsp; : 024-924<\/strong><\/p>\n<p><font color=\"black\" size=\"3\"><\/p>\n<p><strong>D\u00f6rt Civatal\u0131 Flan\u015fl\u0131 \u00c7eki Demiri Topuzu 50 mm<\/strong><\/p>\n<p><strong><\/p>\n<p>D\u00f6rt Civata Aras\u0131 Merkez Mesafesi :&nbsp;83mm&nbsp;x 56mm &#8211; M10<\/p>\n<p>\u00d6l\u00e7\u00fcler \u0130\u00e7in Teknik \u00c7izimi \u0130nceleyiniz.<br \/>\nAvrupa Standartlar\u0131na Uygun CE belgeleridir.<\/p>\n<p>(Sadece Topuz ile proje \u00e7izdirilip ruhsata i\u015fletilmez) Proje \u00e7izimi i\u00e7in arac\u0131n\u0131za \u00f6zel olarak tasarlanm\u0131\u015f komple alt yap\u0131s\u0131 ile birlikte Avrupa standartlar\u0131na uygun CE belgeli \u00e7eki demiri seti sat\u0131n al\u0131nmal\u0131d\u0131r.)<\/p>\n<p>\u00c7ekme Kapasitesi : 3.500 Kg<\/p>\n<p>D\u00fc\u015fey Y\u00fck Kapasitesi : 250 Kg<\/p>\n<p><\/strong><\/p>\n<p><span style=\"font-weight: bold;\">Marka : Oris<\/span><\/p>\n<p><strong>(Sadece Topuz ile proje \u00e7izdirilip ruhsata i\u015fletilmez) Proje \u00e7izimi i\u00e7in arac\u0131n\u0131za \u00f6zel olarak tasarlanm\u0131\u015f komple alt yap\u0131s\u0131 ile birlikte Avrupa standartlar\u0131na uygun CE belgeli \u00e7eki demiri seti sat\u0131n al\u0131nmal\u0131d\u0131r.)<\/strong><\/p>\n<p><\/font><\/p>\n","protected":false},"excerpt":{"rendered":"<p>D\u00f6rt Civatal\u0131 Fla\u015fl\u0131 Topuz 50 mm E Belgeli<\/p>\n","protected":false},"featured_media":3499,"template":"","meta":{"om_disable_all_campaigns":false,"_monsterinsights_skip_tracking":false,"_monsterinsights_sitenote_active":false,"_monsterinsights_sitenote_note":"","_monsterinsights_sitenote_category":0,"_uf_show_specific_survey":0,"_uf_disable_surveys":false,"_joinchat":[]},"product_brand":[],"product_cat":[113],"product_tag":[116],"class_list":{"0":"post-3469","1":"product","2":"type-product","3":"status-publish","4":"has-post-thumbnail","6":"product_cat-ceki-demiri-topuzlari","7":"product_tag-dort-civatali-flasli-topuz-50-mm-e-belgeli","9":"first","10":"instock","11":"shipping-taxable","12":"product-type-simple"},"_links":{"self":[{"href":"https:\/\/www.ucelotogaz.com.tr\/wp-json\/wp\/v2\/product\/3469","targetHints":{"allow":["GET"]}}],"collection":[{"href":"https:\/\/www.ucelotogaz.com.tr\/wp-json\/wp\/v2\/product"}],"about":[{"href":"https:\/\/www.ucelotogaz.com.tr\/wp-json\/wp\/v2\/types\/product"}],"wp:featuredmedia":[{"embeddable":true,"href":"https:\/\/www.ucelotogaz.com.tr\/wp-json\/wp\/v2\/media\/3499"}],"wp:attachment":[{"href":"https:\/\/www.ucelotogaz.com.tr\/wp-json\/wp\/v2\/media?parent=3469"}],"wp:term":[{"taxonomy":"product_brand","embeddable":true,"href":"https:\/\/www.ucelotogaz.com.tr\/wp-json\/wp\/v2\/product_brand?post=3469"},{"taxonomy":"product_cat","embeddable":true,"href":"https:\/\/www.ucelotogaz.com.tr\/wp-json\/wp\/v2\/product_cat?post=3469"},{"taxonomy":"product_tag","embeddable":true,"href":"https:\/\/www.ucelotogaz.com.tr\/wp-json\/wp\/v2\/product_tag?post=3469"}],"curies":[{"name":"wp","href":"https:\/\/api.w.org\/{rel}","templated":true}]}}