{"id":3474,"date":"2025-08-19T09:50:09","date_gmt":"2025-08-19T09:50:09","guid":{"rendered":"https:\/\/www.ucelotogaz.com.tr\/?post_type=product&#038;p=3474"},"modified":"2025-08-19T09:50:14","modified_gmt":"2025-08-19T09:50:14","slug":"amerikan-tip-ceki-demiri-topuzu-guvenlik-kilidi-2","status":"publish","type":"product","link":"https:\/\/www.ucelotogaz.com.tr\/urun\/amerikan-tip-ceki-demiri-topuzu-guvenlik-kilidi-2\/","title":{"rendered":"Amerikan Tip \u00c7eki Demiri Topuzu G\u00fcvenlik Kilidi"},"content":{"rendered":"<p><span style=\"font-size: 20px; color: rgb(0, 0, 0);\">Par\u00e7a Numaras\u0131 : <\/span><strong style=\"font-size: 20px; color: rgb(0, 0, 0);\">AG9005<\/strong><\/p>\n<p><span style=\"color:#000000;\"><span style=\"font-size:20px;\"><\/p>\n<p>&nbsp;<\/p>\n<p>Amerikan tip \u00e7eki demiri topuzlar\u0131 i\u00e7in geli\u015ftirilmi\u015f g\u00fcvenlik kilidi!<\/p>\n<p>&nbsp;<\/p>\n<p>\u00c7inko al\u0131\u015f\u0131ml\u0131 metaldan \u00fcretilmi\u015ftir.<\/p>\n<p>&nbsp;<\/p>\n<p>Montaj\u0131 olduk\u00e7a kolayd\u0131r.<\/p>\n<p>&nbsp;<\/p>\n<p>(\u00dcr\u00fcn\u00fcm\u00fcz sadece amerikan tip topuzlarla uyumludur.)<\/p>\n<p>&nbsp;<\/p>\n<p>Men\u015fei : \u00c7in<\/p>\n<p>&nbsp;<\/p>\n<p>A\u011f\u0131rl\u0131k : 431 Gram<\/p>\n<p>&nbsp;<\/p>\n<p><strong>\u00dcr\u00fcn \u0130\u00e7eri\u011fi<\/strong><\/p>\n<p>&nbsp;<\/p>\n<p>1 x G\u00fcvenlik kilidi<\/p>\n<p>&nbsp;<\/p>\n<p><\/span><\/span><\/p>\n<p><span style=\"color:#000000;\"><span style=\"font-size: 20px;\">2 x Anahtar<\/span><\/span><\/p>\n","protected":false},"excerpt":{"rendered":"<p>Amerikan Tip \u00c7eki Demiri Topuzu G\u00fcvenlik Kilidi<\/p>\n","protected":false},"featured_media":3504,"template":"","meta":{"om_disable_all_campaigns":false,"_monsterinsights_skip_tracking":false,"_monsterinsights_sitenote_active":false,"_monsterinsights_sitenote_note":"","_monsterinsights_sitenote_category":0,"_uf_show_specific_survey":0,"_uf_disable_surveys":false,"_joinchat":[]},"product_brand":[],"product_cat":[113],"product_tag":[855],"class_list":{"0":"post-3474","1":"product","2":"type-product","3":"status-publish","4":"has-post-thumbnail","6":"product_cat-ceki-demiri-topuzlari","7":"product_tag-amerikan-tip-ceki-demiri-topuzu-guvenlik-kilidi","9":"first","10":"instock","11":"shipping-taxable","12":"product-type-simple"},"_links":{"self":[{"href":"https:\/\/www.ucelotogaz.com.tr\/wp-json\/wp\/v2\/product\/3474","targetHints":{"allow":["GET"]}}],"collection":[{"href":"https:\/\/www.ucelotogaz.com.tr\/wp-json\/wp\/v2\/product"}],"about":[{"href":"https:\/\/www.ucelotogaz.com.tr\/wp-json\/wp\/v2\/types\/product"}],"wp:featuredmedia":[{"embeddable":true,"href":"https:\/\/www.ucelotogaz.com.tr\/wp-json\/wp\/v2\/media\/3504"}],"wp:attachment":[{"href":"https:\/\/www.ucelotogaz.com.tr\/wp-json\/wp\/v2\/media?parent=3474"}],"wp:term":[{"taxonomy":"product_brand","embeddable":true,"href":"https:\/\/www.ucelotogaz.com.tr\/wp-json\/wp\/v2\/product_brand?post=3474"},{"taxonomy":"product_cat","embeddable":true,"href":"https:\/\/www.ucelotogaz.com.tr\/wp-json\/wp\/v2\/product_cat?post=3474"},{"taxonomy":"product_tag","embeddable":true,"href":"https:\/\/www.ucelotogaz.com.tr\/wp-json\/wp\/v2\/product_tag?post=3474"}],"curies":[{"name":"wp","href":"https:\/\/api.w.org\/{rel}","templated":true}]}}