{"id":3597,"date":"2025-08-19T09:50:39","date_gmt":"2025-08-19T09:50:39","guid":{"rendered":"https:\/\/www.ucelotogaz.com.tr\/?post_type=product&#038;p=3597"},"modified":"2025-08-19T09:50:52","modified_gmt":"2025-08-19T09:50:52","slug":"t4-blue-ecu","status":"publish","type":"product","link":"https:\/\/www.ucelotogaz.com.tr\/urun\/t4-blue-ecu\/","title":{"rendered":"T4 Blue Ecu"},"content":{"rendered":"<p>LPG&#8217;li sistemlerde kontrol mekanizmas\u0131 olarak g\u00f6rev yapan d\u00fczenek.<\/p>\n","protected":false},"excerpt":{"rendered":"<p>LPG&#8217;li sistemlerde kontrol mekanizmas\u0131 olarak g\u00f6rev yapan d\u00fczenek.<\/p>\n","protected":false},"featured_media":3627,"template":"","meta":{"om_disable_all_campaigns":false,"_monsterinsights_skip_tracking":false,"_monsterinsights_sitenote_active":false,"_monsterinsights_sitenote_note":"","_monsterinsights_sitenote_category":0,"_uf_show_specific_survey":0,"_uf_disable_surveys":false,"_joinchat":[]},"product_brand":[],"product_cat":[907],"product_tag":[978,944,994,915,1050],"class_list":{"0":"post-3597","1":"product","2":"type-product","3":"status-publish","4":"has-post-thumbnail","6":"product_cat-lpg-ekipmalari-ve-yedek-parcalar","7":"product_tag-bakim","8":"product_tag-beyin","9":"product_tag-ecu","10":"product_tag-lpg","11":"product_tag-t4blue","13":"first","14":"instock","15":"shipping-taxable","16":"product-type-simple"},"_links":{"self":[{"href":"https:\/\/www.ucelotogaz.com.tr\/wp-json\/wp\/v2\/product\/3597","targetHints":{"allow":["GET"]}}],"collection":[{"href":"https:\/\/www.ucelotogaz.com.tr\/wp-json\/wp\/v2\/product"}],"about":[{"href":"https:\/\/www.ucelotogaz.com.tr\/wp-json\/wp\/v2\/types\/product"}],"wp:featuredmedia":[{"embeddable":true,"href":"https:\/\/www.ucelotogaz.com.tr\/wp-json\/wp\/v2\/media\/3627"}],"wp:attachment":[{"href":"https:\/\/www.ucelotogaz.com.tr\/wp-json\/wp\/v2\/media?parent=3597"}],"wp:term":[{"taxonomy":"product_brand","embeddable":true,"href":"https:\/\/www.ucelotogaz.com.tr\/wp-json\/wp\/v2\/product_brand?post=3597"},{"taxonomy":"product_cat","embeddable":true,"href":"https:\/\/www.ucelotogaz.com.tr\/wp-json\/wp\/v2\/product_cat?post=3597"},{"taxonomy":"product_tag","embeddable":true,"href":"https:\/\/www.ucelotogaz.com.tr\/wp-json\/wp\/v2\/product_tag?post=3597"}],"curies":[{"name":"wp","href":"https:\/\/api.w.org\/{rel}","templated":true}]}}