{"id":4355,"date":"2025-11-05T09:47:04","date_gmt":"2025-11-05T09:47:04","guid":{"rendered":"https:\/\/www.ucelotogaz.com.tr\/?post_type=product&#038;p=4355"},"modified":"2025-11-05T09:47:10","modified_gmt":"2025-11-05T09:47:10","slug":"atiker-regulator-sr09-sirali-2","status":"publish","type":"product","link":"https:\/\/www.ucelotogaz.com.tr\/urun\/atiker-regulator-sr09-sirali-2\/","title":{"rendered":"Atiker Reg\u00fclat\u00f6r SR09 S\u0131ral\u0131"},"content":{"rendered":"","protected":false},"excerpt":{"rendered":"<p>Atiker S\u0131ral\u0131 Reg\u00fclat\u00f6r SR09<\/p>\n","protected":false},"featured_media":3510,"template":"","meta":{"om_disable_all_campaigns":false,"_monsterinsights_skip_tracking":false,"_monsterinsights_sitenote_active":false,"_monsterinsights_sitenote_note":"","_monsterinsights_sitenote_category":0,"_uf_show_specific_survey":0,"_uf_disable_surveys":false,"_joinchat":[]},"product_brand":[],"product_cat":[1070],"product_tag":[910,944,927,945,946,933,915,935,947,938,940,942],"class_list":{"0":"post-4355","1":"product","2":"type-product","3":"status-publish","4":"has-post-thumbnail","6":"product_cat-lpg-regulatorleri-lpg","7":"product_tag-atiker","8":"product_tag-beyin","9":"product_tag-en-yakin","10":"product_tag-gaz","11":"product_tag-gaz-beyni","12":"product_tag-karburatorlu","13":"product_tag-lpg","14":"product_tag-montaj","15":"product_tag-regulator","16":"product_tag-sirali","17":"product_tag-tamir","18":"product_tag-ucel","20":"first","21":"instock","22":"shipping-taxable","23":"product-type-simple"},"_links":{"self":[{"href":"https:\/\/www.ucelotogaz.com.tr\/wp-json\/wp\/v2\/product\/4355","targetHints":{"allow":["GET"]}}],"collection":[{"href":"https:\/\/www.ucelotogaz.com.tr\/wp-json\/wp\/v2\/product"}],"about":[{"href":"https:\/\/www.ucelotogaz.com.tr\/wp-json\/wp\/v2\/types\/product"}],"wp:featuredmedia":[{"embeddable":true,"href":"https:\/\/www.ucelotogaz.com.tr\/wp-json\/wp\/v2\/media\/3510"}],"wp:attachment":[{"href":"https:\/\/www.ucelotogaz.com.tr\/wp-json\/wp\/v2\/media?parent=4355"}],"wp:term":[{"taxonomy":"product_brand","embeddable":true,"href":"https:\/\/www.ucelotogaz.com.tr\/wp-json\/wp\/v2\/product_brand?post=4355"},{"taxonomy":"product_cat","embeddable":true,"href":"https:\/\/www.ucelotogaz.com.tr\/wp-json\/wp\/v2\/product_cat?post=4355"},{"taxonomy":"product_tag","embeddable":true,"href":"https:\/\/www.ucelotogaz.com.tr\/wp-json\/wp\/v2\/product_tag?post=4355"}],"curies":[{"name":"wp","href":"https:\/\/api.w.org\/{rel}","templated":true}]}}