{"id":4371,"date":"2025-11-05T09:47:05","date_gmt":"2025-11-05T09:47:05","guid":{"rendered":"https:\/\/www.ucelotogaz.com.tr\/?post_type=product&#038;p=4371"},"modified":"2025-11-05T09:47:20","modified_gmt":"2025-11-05T09:47:20","slug":"landirenzo-evo-enjektor-2","status":"publish","type":"product","link":"https:\/\/www.ucelotogaz.com.tr\/urun\/landirenzo-evo-enjektor-2\/","title":{"rendered":"Landirenzo Evo Enjekt\u00f6r"},"content":{"rendered":"<p>Landirenzo sistemlerde kullan\u0131lan g\u00fc\u00e7l\u00fc ba\u015far\u0131l\u0131 bir \u00e7al\u0131\u015fma g\u00f6steren 4 silindir enjekt\u00f6r.<\/p>\n","protected":false},"excerpt":{"rendered":"<p>Landirenzo sistemlerde kullan\u0131lan g\u00fc\u00e7l\u00fc ba\u015far\u0131l\u0131 bir \u00e7al\u0131\u015fma g\u00f6steren 4 silindir enjekt\u00f6r.<\/p>\n","protected":false},"featured_media":3561,"template":"","meta":{"om_disable_all_campaigns":false,"_monsterinsights_skip_tracking":false,"_monsterinsights_sitenote_active":false,"_monsterinsights_sitenote_note":"","_monsterinsights_sitenote_category":0,"_uf_show_specific_survey":0,"_uf_disable_surveys":false,"_joinchat":[]},"product_brand":[],"product_cat":[1068],"product_tag":[909,912,989,990,915],"class_list":{"0":"post-4371","1":"product","2":"type-product","3":"status-publish","4":"has-post-thumbnail","6":"product_cat-lpg-enjektorleri-lpg","7":"product_tag-4-silindir","8":"product_tag-enjektor","9":"product_tag-evo","10":"product_tag-landirenzo","11":"product_tag-lpg","13":"first","14":"instock","15":"shipping-taxable","16":"product-type-simple"},"_links":{"self":[{"href":"https:\/\/www.ucelotogaz.com.tr\/wp-json\/wp\/v2\/product\/4371","targetHints":{"allow":["GET"]}}],"collection":[{"href":"https:\/\/www.ucelotogaz.com.tr\/wp-json\/wp\/v2\/product"}],"about":[{"href":"https:\/\/www.ucelotogaz.com.tr\/wp-json\/wp\/v2\/types\/product"}],"wp:featuredmedia":[{"embeddable":true,"href":"https:\/\/www.ucelotogaz.com.tr\/wp-json\/wp\/v2\/media\/3561"}],"wp:attachment":[{"href":"https:\/\/www.ucelotogaz.com.tr\/wp-json\/wp\/v2\/media?parent=4371"}],"wp:term":[{"taxonomy":"product_brand","embeddable":true,"href":"https:\/\/www.ucelotogaz.com.tr\/wp-json\/wp\/v2\/product_brand?post=4371"},{"taxonomy":"product_cat","embeddable":true,"href":"https:\/\/www.ucelotogaz.com.tr\/wp-json\/wp\/v2\/product_cat?post=4371"},{"taxonomy":"product_tag","embeddable":true,"href":"https:\/\/www.ucelotogaz.com.tr\/wp-json\/wp\/v2\/product_tag?post=4371"}],"curies":[{"name":"wp","href":"https:\/\/api.w.org\/{rel}","templated":true}]}}