{"id":4503,"date":"2025-11-05T09:48:44","date_gmt":"2025-11-05T09:48:44","guid":{"rendered":"https:\/\/www.ucelotogaz.com.tr\/?post_type=product&#038;p=4503"},"modified":"2025-11-05T11:17:29","modified_gmt":"2025-11-05T11:17:29","slug":"atiker-h250-67-litre-simit-tank-degisimi-simit-tank","status":"publish","type":"product","link":"https:\/\/www.ucelotogaz.com.tr\/urun\/atiker-h250-67-litre-simit-tank-degisimi-simit-tank\/","title":{"rendered":"Atiker H250 67 Litre Simit Tank De\u011fi\u015fimi Simit Tank"},"content":{"rendered":"<p>Atiker LPG tank de\u011fi\u015fimi, Atiker enjekt\u00f6r de\u011fi\u015fimi, fiyat<\/p>\n","protected":false},"excerpt":{"rendered":"<p>Simit, Silindir Tank De\u011fi\u015fimi, Proje, Tadilat, Atiker <\/p>\n","protected":false},"featured_media":4468,"template":"","meta":{"om_disable_all_campaigns":false,"_monsterinsights_skip_tracking":false,"_monsterinsights_sitenote_active":false,"_monsterinsights_sitenote_note":"","_monsterinsights_sitenote_category":0,"_uf_show_specific_survey":0,"_uf_disable_surveys":false,"_joinchat":[]},"product_brand":[1078],"product_cat":[1069],"product_tag":[910,1076,1075,918,1077,1074,920,923],"class_list":{"0":"post-4503","1":"product","2":"type-product","3":"status-publish","4":"has-post-thumbnail","6":"product_brand-atiker","7":"product_cat-lpg-tanklari-lpg","8":"product_tag-atiker","9":"product_tag-belirtilen-yasal-sureyi-asan-tanklar","10":"product_tag-projei-sivi-gaz-sistemi-onaysiz","11":"product_tag-saka","12":"product_tag-simit-silindir-tank-degisimleri","13":"product_tag-simit-tank-degisimi","14":"product_tag-step","15":"product_tag-tank-degisimi","17":"first","18":"instock","19":"shipping-taxable","20":"product-type-simple"},"_links":{"self":[{"href":"https:\/\/www.ucelotogaz.com.tr\/wp-json\/wp\/v2\/product\/4503","targetHints":{"allow":["GET"]}}],"collection":[{"href":"https:\/\/www.ucelotogaz.com.tr\/wp-json\/wp\/v2\/product"}],"about":[{"href":"https:\/\/www.ucelotogaz.com.tr\/wp-json\/wp\/v2\/types\/product"}],"wp:featuredmedia":[{"embeddable":true,"href":"https:\/\/www.ucelotogaz.com.tr\/wp-json\/wp\/v2\/media\/4468"}],"wp:attachment":[{"href":"https:\/\/www.ucelotogaz.com.tr\/wp-json\/wp\/v2\/media?parent=4503"}],"wp:term":[{"taxonomy":"product_brand","embeddable":true,"href":"https:\/\/www.ucelotogaz.com.tr\/wp-json\/wp\/v2\/product_brand?post=4503"},{"taxonomy":"product_cat","embeddable":true,"href":"https:\/\/www.ucelotogaz.com.tr\/wp-json\/wp\/v2\/product_cat?post=4503"},{"taxonomy":"product_tag","embeddable":true,"href":"https:\/\/www.ucelotogaz.com.tr\/wp-json\/wp\/v2\/product_tag?post=4503"}],"curies":[{"name":"wp","href":"https:\/\/api.w.org\/{rel}","templated":true}]}}